{"id":342,"date":"2024-09-09T14:56:05","date_gmt":"2024-09-09T14:56:05","guid":{"rendered":"https:\/\/astrologiaestrategica.com\/?page_id=342"},"modified":"2024-09-09T15:04:18","modified_gmt":"2024-09-09T15:04:18","slug":"aviso-legal","status":"publish","type":"page","link":"https:\/\/astrologiaestrategica.com\/?page_id=342","title":{"rendered":"Aviso legal"},"content":{"rendered":"\t\t<div data-elementor-type=\"wp-page\" data-elementor-id=\"342\" class=\"elementor elementor-342\" data-elementor-post-type=\"page\">\n\t\t\t\t<div class=\"elementor-element elementor-element-3eda4807 e-flex e-con-boxed e-con e-parent\" data-id=\"3eda4807\" data-element_type=\"container\">\n\t\t\t\t\t<div class=\"e-con-inner\">\n\t\t\t\t<div class=\"elementor-element elementor-element-26f92469 elementor-widget elementor-widget-heading\" data-id=\"26f92469\" data-element_type=\"widget\" data-widget_type=\"heading.default\">\n\t\t\t\t<div class=\"elementor-widget-container\">\n\t\t\t<h1 class=\"elementor-heading-title elementor-size-default\">Condiciones de venta y contrataci\u00f3n<\/h1>\t\t<\/div>\n\t\t\t\t<\/div>\n\t\t\t\t\t<\/div>\n\t\t\t\t<\/div>\n\t\t<div class=\"elementor-element elementor-element-5693570a e-flex e-con-boxed e-con e-parent\" data-id=\"5693570a\" data-element_type=\"container\">\n\t\t\t\t\t<div class=\"e-con-inner\">\n\t\t\t\t<div class=\"elementor-element elementor-element-781f809c elementor-widget elementor-widget-text-editor\" data-id=\"781f809c\" data-element_type=\"widget\" data-widget_type=\"text-editor.default\">\n\t\t\t\t<div class=\"elementor-widget-container\">\n\t\t\t\t\t\t\t<p>En cumplimiento del art\u00edculo 10 de la Ley 34\/2002, de 11 de julio, de Servicios de la Sociedad de la Informaci\u00f3n y del Comercio Electr\u00f3nico (LSSICE), la empresa Kairos Life LLC (en adelante, \u201cAstrolog\u00eda Estrat\u00e9gica &#8211; Kairos Life LLC\u201d), responsable de esta tienda online, pone a disposici\u00f3n de los Usuarios la presente informaci\u00f3n, para definir sus Condiciones de Uso.<\/p><p>\u00a0<\/p><p>Adicionalmente a los contenidos aqu\u00ed expuestos, los aspectos espec\u00edficos relacionados con la protecci\u00f3n de los datos personales y la privacidad de los usuarios de esta web se desarrollan en las p\u00e1ginas de Pol\u00edtica de Privacidad y Pol\u00edtica de Cookies.<\/p><p>\u00a0<\/p><p><b><i>Identidad del Responsable del Tratamiento<\/i><\/b><\/p><p>\u00a0<\/p><ul><li aria-level=\"1\"><b>Denominaci\u00f3n Social<\/b>: Kairos Life LLC<\/li><li aria-level=\"1\"><b>Nombre Comercial<\/b>: Astrolog\u00eda Estrat\u00e9gica<\/li><li aria-level=\"1\"><b>EIN<\/b>: 30-1414378<\/li><li aria-level=\"1\"><b>Domicilio Social<\/b>: 1309 Coffeen Avenue STE 1200<\/li><li aria-level=\"1\"><b>Actividad<\/b>: Astrolog\u00eda, Coaching y formaciones<\/li><li aria-level=\"1\"><b>Tel\u00e9fono<\/b>: +13073814562<\/li><li aria-level=\"1\"><b>eMail<\/b>: hola@astrologiaestrategica.com<\/li><li aria-level=\"1\"><b>Nombre de Dominio<\/b>: <a href=\"http:\/\/www.astrologiaestrategica.com\">www.astrologiaestrategica.com<\/a><\/li><li aria-level=\"1\"><b>Registro de Tratamientos conforme al RGPD:<\/b> Clientes\/Proveedores, Listas de Correo y Usuarios Web.<\/li><\/ul><p>\u00a0<\/p><p><b><i>Finalidad de la Web<\/i><\/b><\/p><p>La tienda online de \u00abAstrolog\u00eda Estrat\u00e9gica &#8211; Kairos Life LLC\u00bb tiene las siguientes finalidades:<\/p><ul><li aria-level=\"1\">Puesta a disposici\u00f3n del Usuario de los productos y\/o servicios ofertados para su adquisici\u00f3n por medios electr\u00f3nicos, as\u00ed como ofrecer informaci\u00f3n sobre los mismos y el Responsable.<\/li><li aria-level=\"1\">Divulgaci\u00f3n de informaci\u00f3n relacionada con el sector de actividad del Responsable.<\/li><li aria-level=\"1\">Gestionar la lista de suscriptores y usuarios adscritos al blog o al newsletter de la tienda online.<\/li><\/ul><p>\u00a0<\/p><p><b><i>Marco Normativo<\/i><\/b><\/p><p>La actividad de esta tienda online se encuentra sujeta al marco legal espa\u00f1ol y europeo, concretamente a las siguientes normas:<\/p><p>\u00a0<\/p><ul><li aria-level=\"1\">Reglamento General de Protecci\u00f3n de Datos (RGPD) (UE) 2016\/679, de 27 de abril, que regula el tratamiento de datos personales en los pa\u00edses de la Uni\u00f3n Europea.<\/li><\/ul><ul><li aria-level=\"1\">Ley Org\u00e1nica 3\/2018, de 5 de diciembre, sobre Protecci\u00f3n de Datos Personales y Garant\u00eda de los Derechos Digitales (LOPD y GDD), norma de \u00e1mbito regional (aplicable a Espa\u00f1a), y que define y ampl\u00eda muchos de los conceptos y derechos presentes en el RGPD.<\/li><\/ul><ul><li aria-level=\"1\">Ley 34\/2002, de 11 de julio, de Servicios de la Sociedad de la Informaci\u00f3n y del Comercio Electr\u00f3nico (LSSICE),norma que afecta a aquellas webs que, de alguna forma, realicen actividades econ\u00f3micas mediante medios electr\u00f3nicos, como es el caso de esta web.<\/li><\/ul><ul><li aria-level=\"1\">Ley 03\/2014, de 27 de marzo, General para la Defensa de los Consumidores y Usuarios (LGDCU), que regula las condiciones de venta y contrataci\u00f3n.\u00a0<\/li><\/ul><p>\u00a0<\/p><p><b><i>Condiciones de Uso y Responsabilidades<\/i><\/b><\/p><p>Toda persona que acceda a este sitio web asume el papel de Usuario, comprometi\u00e9ndose a la observancia y cumplimiento riguroso de las condiciones aqu\u00ed dispuestas, as\u00ed como a cualquiera otra disposici\u00f3n legal que fuera de aplicaci\u00f3n. \u201cAstrolog\u00eda Estrat\u00e9gica &#8211; Kairos Life LLC\u201d no se har\u00e1 responsable de los da\u00f1os y perjuicios, propios o a terceros, producidos por el uso inadecuado de este sitio web por parte del Usuario.<\/p><p>\u00a0<\/p><p>Las siguientes conductas quedan terminantemente prohibidas por \u201cAstrolog\u00eda Estrat\u00e9gica &#8211; Kairos Life LLC\u201d. Si el Usuario comete cualquiera de los actos descritos en los puntos siguientes que sea, adem\u00e1s, constitutivo de un delito, \u201cAstrolog\u00eda Estrat\u00e9gica &#8211; Kairos Life LLC\u201d se reserva la potestad de ponerlo en conocimiento de las autoridades si se constata la comisi\u00f3n del mismo:<\/p><p>\u00a0<\/p><ul><li aria-level=\"1\">Introducir o difundir virus inform\u00e1ticos o cualesquiera otros sistemas susceptibles de provocar da\u00f1os en los sistemas f\u00edsicos o l\u00f3gicos del propietario del dominio, de sus proveedores o de terceros. Esta prohibici\u00f3n tambi\u00e9n incluye los scripts que pudieron ser insertados.<\/li><li aria-level=\"1\">Reproducir sin autorizaci\u00f3n los contenidos de la web.<\/li><li aria-level=\"1\">Acceder (o intentar hacerlo) a zonas restringidas de la plataforma sin cumplir las condiciones exigidas para tal acceso. As\u00ed como revelar datos sobre el funcionamiento de la web sin autorizaci\u00f3n expresa de los administradores de la misma.<\/li><li aria-level=\"1\">Eludir (o intentarlo) los sistemas de pagos establecidos por \u201cAstrolog\u00eda Estrat\u00e9gica &#8211; Kairos Life LLC\u201d.<\/li><\/ul><p>\u00a0<\/p><p>El contenido de esta web no puede ser considerado, en ning\u00fan caso, sustitutivo de asesoramiento legal.<\/p><p>\u00a0<\/p><p>\u201cAstrolog\u00eda Estrat\u00e9gica &#8211; Kairos Life LLC\u201d se reserva el derecho a modificar cualquier tipo de informaci\u00f3n que pudiera aparecer en la tienda online, en cualquier momento y sin previo aviso, sin que exista obligaci\u00f3n de preavisar o poner en conocimiento de los Usuarios dichas obligaciones, entendi\u00e9ndose como suficiente la publicaci\u00f3n en el presente sitio web.<\/p><p>\u00a0<\/p><p>Este sitio web ha sido revisado y probado para que funcione correctamente de manera ininterrumpida. No obstante, \u201cAstrolog\u00eda Estrat\u00e9gica &#8211; Kairos Life LLC\u201d no descarta la posibilidad de que existan ciertos errores de programaci\u00f3n, falta de disponibilidad puntual (por ejemplo, ca\u00eddas del servidor, o mantenimiento del mismo) o que acontezcan causas de fuerza mayor, cat\u00e1strofes naturales, huelgas, o circunstancias semejantes que hagan imposible el acceso temporal a la p\u00e1gina web.<\/p><p>\u00a0<\/p><p>El Usuario se compromete a no utilizar esta web ni, si es el caso, los servicios o productos ofrecidos en el mismo, para la realizaci\u00f3n de actividades contrarias a la ley, al orden p\u00fablico o a estas condiciones de uso. Por tanto, \u201cAstrolog\u00eda Estrat\u00e9gica &#8211; Kairos Life LLC\u201d no se hace responsable de la informaci\u00f3n y contenidos almacenados, a t\u00edtulo enunciativo, pero no limitativo, en foros, chat\u00b4s, generadores de blogs, comentarios, redes sociales o cualquier otro medio que permita a terceros publicar contenidos. No obstante, y en cumplimiento de lo dispuesto en el art. 11 y 16 de la LSSI-CE, \u201cAstrolog\u00eda Estrat\u00e9gica &#8211; Kairos Life LLC\u201d se pone a disposici\u00f3n de todos los Usuarios, autoridades y fuerzas de seguridad, colaborando de forma activa en la retirada o en su caso bloqueo de todos aquellos contenidos que pudieran afectar o contravenir la legislaci\u00f3n nacional, o internacional, derechos de terceros o la moral y el orden p\u00fablico. En caso de que un Usuario considere que existe en la web alg\u00fan contenido que pudiera ser susceptible de esta clasificaci\u00f3n, se ruega lo notifique de forma inmediata a nuestro personal.<\/p><p>\u00a0<\/p><p>\u201cAstrolog\u00eda Estrat\u00e9gica &#8211; Kairos Life LLC\u201d se reserva el derecho a denegar o retirar el acceso a la tienda sin necesidad de advertencia previa, a instancia propia o de un tercero, a aquellos Usuarios que incumplan nuestras Condiciones de Uso.<\/p><p>\u00a0<\/p><p><b><i>Propiedad Intelectual<\/i><\/b><\/p><p>El sitio web, incluyendo a t\u00edtulo enunciativo, pero no limitativo su programaci\u00f3n, edici\u00f3n, compilaci\u00f3n y dem\u00e1s elementos necesarios para su funcionamiento, los dise\u00f1os, logotipos, texto y\/o gr\u00e1ficos son propiedad de \u201cAstrolog\u00eda Estrat\u00e9gica &#8211; Kairos Life LLC\u201d o, en su caso, dispone de licencia o autorizaci\u00f3n expresa por parte de los autores.\u00a0<\/p><p>Todos los contenidos del sitio web se encuentran debidamente protegidos por la normativa de propiedad intelectual e industrial, as\u00ed como inscritos en los registros p\u00fablicos correspondientes, y no se permite la reproducci\u00f3n y\/o publicaci\u00f3n, total o parcial, del sitio web, ni su tratamiento inform\u00e1tico, su distribuci\u00f3n, difusi\u00f3n, modificaci\u00f3n o transformaci\u00f3n, sin el permiso previo y por escrito del mismo. \u201cAstrolog\u00eda Estrat\u00e9gica &#8211; Kairos Life LLC\u201d velar\u00e1 por el cumplimiento de las anteriores condiciones, as\u00ed como por la debida utilizaci\u00f3n de los contenidos presentados en sus p\u00e1ginas web, ejercitando todas las acciones civiles y penales que le correspondan en el caso de infracci\u00f3n o incumplimiento de estos derechos por parte del Usuario.<\/p><p>\u00a0<\/p><p>Los dise\u00f1os, logotipos, texto y\/o gr\u00e1ficos ajenos a \u201cAstrolog\u00eda Estrat\u00e9gica &#8211; Kairos Life LLC\u201d y que pudieran aparecer en el sitio web, pertenecen a sus respectivos propietarios, siendo ellos mismos responsables de cualquier posible controversia que pudiera suscitarse respecto a los mismos. En todo caso, \u201cAstrolog\u00eda Estrat\u00e9gica &#8211; Kairos Life LLC\u201d cuenta con la autorizaci\u00f3n expresa y previa por parte de los mismos. \u201cAstrolog\u00eda Estrat\u00e9gica &#8211; Kairos Life LLC\u201d reconoce a favor de sus titulares los correspondientes derechos de propiedad industrial e intelectual, no implicando su sola menci\u00f3n o aparici\u00f3n en el sitio web la existencia de derechos o responsabilidad alguna del Responsable sobre los mismos, como tampoco respaldo, patrocinio o recomendaci\u00f3n por parte del mismo.<\/p><p>\u00a0<\/p><p><b><i>Enlaces de terceros<\/i><\/b><\/p><p>\u201cAstrolog\u00eda Estrat\u00e9gica &#8211; Kairos Life LLC\u201d puede poner a disposici\u00f3n del Usuario enlaces u otros elementos que permiten el acceso hacia otros sitios web pertenecientes a terceros. No comercializamos los productos y\/o servicios de dichas p\u00e1ginas enlazadas, ni asumimos ning\u00fan tipo de responsabilidad sobre las mismas, ni sobre la informaci\u00f3n contenida en ellas, ni su veracidad o licitud, ni de cualesquiera efectos que pudieran derivarse.<\/p><p>\u00a0<\/p><p>En todo caso, \u201cAstrolog\u00eda Estrat\u00e9gica &#8211; Kairos Life LLC\u201d manifiesta que proceder\u00e1 a la retirada inmediata de cualquier contenido que pudiera contravenir la legislaci\u00f3n nacional o internacional, la moral o el orden p\u00fablico, procediendo a la retirada inmediata de la redirecci\u00f3n a dicho sitio web, poniendo en conocimiento de las autoridades competentes el contenido en cuesti\u00f3n.<\/p><p>\u00a0<\/p><p><b><i>Ley Aplicable y Jurisdicci\u00f3n<\/i><\/b><\/p><p>El idioma de redacci\u00f3n e interpretaci\u00f3n de este aviso legal es el espa\u00f1ol.<\/p><p>La relaci\u00f3n entre \u201cAstrolog\u00eda Estrat\u00e9gica &#8211; Kairos Life LLC\u201d y Usuario se rige en todos y cada uno de sus extremos por la ley espa\u00f1ola, a la que se someten expresamente ambas partes ante cualquier controversia o cuesti\u00f3n relacionada con el presente sitio web o las actividades en \u00e9l desarrolladas.\u00a0<\/p><p>Por su parte, en el caso de que el usuario tenga su domicilio fuera de Espa\u00f1a, \u201cAstrolog\u00eda Estrat\u00e9gica &#8211; Kairos Life LLC\u201d y Usuario se someten, con renuncia expresa a cualquier otro fuero, a los Juzgados y Tribunales competentes de Espa\u00f1a.<\/p>\t\t\t\t\t\t<\/div>\n\t\t\t\t<\/div>\n\t\t\t\t\t<\/div>\n\t\t\t\t<\/div>\n\t\t\t\t<\/div>\n\t\t","protected":false},"excerpt":{"rendered":"<p>Condiciones de venta y contrataci\u00f3n En cumplimiento del art\u00edculo 10 de la Ley 34\/2002, de 11 de julio, de Servicios de la Sociedad de la Informaci\u00f3n y del Comercio Electr\u00f3nico (LSSICE), la empresa Kairos Life LLC (en adelante, \u201cAstrolog\u00eda Estrat\u00e9gica &#8211; Kairos Life LLC\u201d), responsable&#8230;<\/p>\n","protected":false},"author":1,"featured_media":0,"parent":0,"menu_order":0,"comment_status":"closed","ping_status":"closed","template":"","meta":{"_seopress_robots_primary_cat":"","_seopress_titles_title":"","_seopress_titles_desc":"","_seopress_robots_index":"","footnotes":""},"class_list":["post-342","page","type-page","status-publish","hentry"],"_links":{"self":[{"href":"https:\/\/astrologiaestrategica.com\/index.php?rest_route=\/wp\/v2\/pages\/342","targetHints":{"allow":["GET"]}}],"collection":[{"href":"https:\/\/astrologiaestrategica.com\/index.php?rest_route=\/wp\/v2\/pages"}],"about":[{"href":"https:\/\/astrologiaestrategica.com\/index.php?rest_route=\/wp\/v2\/types\/page"}],"author":[{"embeddable":true,"href":"https:\/\/astrologiaestrategica.com\/index.php?rest_route=\/wp\/v2\/users\/1"}],"replies":[{"embeddable":true,"href":"https:\/\/astrologiaestrategica.com\/index.php?rest_route=%2Fwp%2Fv2%2Fcomments&post=342"}],"version-history":[{"count":16,"href":"https:\/\/astrologiaestrategica.com\/index.php?rest_route=\/wp\/v2\/pages\/342\/revisions"}],"predecessor-version":[{"id":358,"href":"https:\/\/astrologiaestrategica.com\/index.php?rest_route=\/wp\/v2\/pages\/342\/revisions\/358"}],"wp:attachment":[{"href":"https:\/\/astrologiaestrategica.com\/index.php?rest_route=%2Fwp%2Fv2%2Fmedia&parent=342"}],"curies":[{"name":"wp","href":"https:\/\/api.w.org\/{rel}","templated":true}]}}